{"id":2632,"date":"2025-07-01T22:57:47","date_gmt":"2025-07-01T22:57:47","guid":{"rendered":"http:\/\/osheni.com\/?page_id=2632"},"modified":"2025-07-17T16:00:50","modified_gmt":"2025-07-17T16:00:50","slug":"reglas","status":"publish","type":"page","link":"https:\/\/osheni.com\/en\/reglas\/","title":{"rendered":"Rules"},"content":{"rendered":"<div data-elementor-type=\"wp-page\" data-elementor-id=\"2632\" class=\"elementor elementor-2632\" data-elementor-post-type=\"page\">\n\t\t\t\t<div class=\"elementor-element elementor-element-e5ed3e9 e-flex e-con-boxed e-con e-parent\" data-id=\"e5ed3e9\" data-element_type=\"container\" data-e-type=\"container\">\n\t\t\t\t\t<div class=\"e-con-inner\">\n\t\t\t\t\t<\/div>\n\t\t\t\t<\/div>\n\t\t<div class=\"elementor-element elementor-element-4d4a48a e-flex e-con-boxed e-con e-parent\" data-id=\"4d4a48a\" data-element_type=\"container\" data-e-type=\"container\">\n\t\t\t\t\t<div class=\"e-con-inner\">\n\t\t<div class=\"elementor-element elementor-element-69841c0 e-con-full e-flex e-con e-child\" data-id=\"69841c0\" data-element_type=\"container\" data-e-type=\"container\">\n\t\t<div class=\"elementor-element elementor-element-8f144f5 e-con-full e-flex e-con e-child\" data-id=\"8f144f5\" data-element_type=\"container\" data-e-type=\"container\">\n\t\t<div class=\"elementor-element elementor-element-30a7cab e-con-full e-flex e-con e-child\" data-id=\"30a7cab\" data-element_type=\"container\" data-e-type=\"container\">\n\t\t\t\t<div class=\"elementor-element elementor-element-73735c3 elementor-widget elementor-widget-theme-site-logo elementor-widget-image\" data-id=\"73735c3\" data-element_type=\"widget\" data-e-type=\"widget\" data-widget_type=\"theme-site-logo.default\">\n\t\t\t\t<div class=\"elementor-widget-container\">\n\t\t\t\t\t\t\t\t\t\t\t<img decoding=\"async\" width=\"230\" height=\"80\" src=\"https:\/\/osheni.com\/wp-content\/uploads\/2025\/06\/osheni-logo.webp\" class=\"attachment-full size-full wp-image-40\" alt=\"Osheni Club\" \/>\t\t\t\t\t\t\t\t\t\t\t\t<\/div>\n\t\t\t\t<\/div>\n\t\t\t\t<div class=\"elementor-element elementor-element-c93dca9 elementor-widget elementor-widget-heading\" data-id=\"c93dca9\" data-element_type=\"widget\" data-e-type=\"widget\" data-widget_type=\"heading.default\">\n\t\t\t\t<div class=\"elementor-widget-container\">\n\t\t\t\t\t<h2 class=\"elementor-heading-title elementor-size-default\">Reglas para miembros de osheni club<\/h2>\t\t\t\t<\/div>\n\t\t\t\t<\/div>\n\t\t\t\t<\/div>\n\t\t<div class=\"elementor-element elementor-element-200fa30 e-con-full e-flex e-con e-child\" data-id=\"200fa30\" data-element_type=\"container\" data-e-type=\"container\">\n\t\t\t\t<div class=\"elementor-element elementor-element-1b47bf3 elementor-widget elementor-widget-text-editor\" data-id=\"1b47bf3\" data-element_type=\"widget\" data-e-type=\"widget\" data-widget_type=\"text-editor.default\">\n\t\t\t\t<div class=\"elementor-widget-container\">\n\t\t\t\t\t\t\t\t\t<p><strong>1. Mantener Confidencialidad:<\/strong><\/p><p>Para garantizar la privacidad y respetar la intimidad de los miembros de Osheni Club, no se permite divulgar ni compartir las opiniones ni experiencias de los miembros del club. Se debe mantener confidencial todo lo que se diga y se haga en las sesiones diarias. Lo que ocurre en el grupo no se comparte con personas que no son miembros del club. Queremos garantizar el respeto a las historias e intimidad de cada miembro de Osheni Club.<\/p><p><strong>\u00a02. Participaci\u00f3n:<\/strong><\/p><p>Los miembros de Osheni Club no est\u00e1n obligados a participar en las discusiones o ejercicios que se hagan en las sesiones diarias si as\u00ed lo desean. En el grupo nunca har\u00e1s nada que no quieras hacer. Podr\u00e1s negarte a participar en cualquier ejercicio, discusi\u00f3n o actividad si as\u00ed lo deseas. Queremos respetar tu libre albedr\u00edo y decisi\u00f3n de participar cuando lo desees.<\/p><p><strong>3. No Dar Consejos:<\/strong><\/p><p>Los miembros de Osheni Club no dar\u00e1n consejos a otros miembros del club. Solo se les invita a compartir sus propias opiniones y experiencias personales que son, han sido y ser\u00e1n de beneficio para s\u00ed mismos. Queremos respetar la propia autonom\u00eda y confianza que tiene cada miembro de Osheni Club para tomar decisiones y accionar en su vida.\u00a0<\/p><p><strong>4. No Compartir Enlace de Conexi\u00f3n:<\/strong><\/p><p>Para evitar problemas operacionales, t\u00e9cnicos y de conexi\u00f3n de los miembros de Osheni Club, se proh\u00edbe compartir el enlace de conexi\u00f3n de las sesiones diarias con personas que no son miembros de club. El compartir el enlace a no miembros puede causar que alg\u00fan miembro no pueda conectarse a la sesi\u00f3n. Queremos asegurar que cada miembro pueda entrar a la sesi\u00f3n diaria sin problemas.<\/p><p><strong>\u00a05. No Grabar Ni Compartir Reuniones:<\/strong><\/p><p>Por razones de privacidad de los miembros de Osheni Club y por derechos de autor, se proh\u00edbe grabar las sesiones diarias y compartirlas con personas que no son miembros del club. Tambi\u00e9n se proh\u00edbe compartir cualquier contenido de las sesiones diarias en redes sociales u otras plataformas digitales. Queremos respetar y garantizar la confidencialidad de Osheni Club y sus miembros.<\/p><p><strong>6. No Comportamiento Irrespetuoso:<\/strong><\/p><p>Osheni Club es una familia virtual solidaria y emp\u00e1tica y no se aceptan comportamientos agresivos ni irrespetuosos hacia los miembros del club ni hacia el personal. Queremos garantizar que cada miembro de Osheni Club sea tratado con respeto y cortes\u00eda.<\/p><p><strong>\u00a07. No Compartir Enlace de Conexi\u00f3n:<\/strong><\/p><p>Osheni Club promueve un ambiente en el que se respeta la diversidad, equidad e inclusi\u00f3n de sus miembros. Se proh\u00edbe criticar, juzgar, condenar o discriminar a cualquiera de los miembros del club. Tambi\u00e9n se proh\u00edbe iniciar chismes y hablar mal de los otros miembros. Queremos garantizar un entorno donde todas las personas se sientan bienvenidas, aceptadas y apreciadas sin importar sus diferencias.<\/p><p><strong>\u00a08. Puntualidad:<\/strong><\/p><p>Las sesiones diarias empezar\u00e1n y terminar\u00e1n en los horarios establecidos (6:00am a 7:30am, 11:00am a 12:30pm, 4:00pm a 5:30pm y 9:00pm a 10:30pm hora California). Eres bienvenida(o) a conectarte a la sesi\u00f3n diaria en el momento que quieras. Sin embargo, te recomendamos unirte a la sesi\u00f3n puntualmente para evitar demoras para conectarte y para evitar interrupciones. Queremos garantizar que tanto tu como los otros miembros puedan disfrutar de la sesi\u00f3n sin contratiempos.<\/p><p><strong>9. Tiempo para Participar:<\/strong><\/p><p>Cuando compartas tu opini\u00f3n y experiencia con el grupo, hazlo de manera clara, breve y concisa. El tiempo de participaci\u00f3n es limitado a 3 minutos por persona. Queremos que tanto t\u00fa como otros miembros tengan la oportunidad de participar y expresarse de manera justa y dentro del tiempo designado.<\/p><p><strong>\u00a010. Asistencia:<\/strong><\/p><p>Debido a asuntos operacionales, t\u00e9cnicos y de conexi\u00f3n, te pedimos que asistas a solo una de las sesiones diarias. Las cuatro sesiones diarias tendr\u00e1n el mismo programa por lo que no te perder\u00e1s nada del contenido de la sesi\u00f3n de ese d\u00eda. Queremos garantizar que cada miembro de Osheni Club pueda asistir a su sesi\u00f3n diaria sin contratiempos.<\/p><p><strong>\u00a011. Servicios de Emergencia:<\/strong><\/p><p>Osheni Club no es un espacio de terapia, de servicios de salud mental ni de consejer\u00eda profesional. Osheni Club no es un sustituto de atenci\u00f3n psicol\u00f3gica, psiqui\u00e1trica ni de terapia ni consejer\u00eda profesional. Si en alg\u00fan momento sientes que necesitas asistencia m\u00e9dica o de salud mental por favor llama inmediatamente al 911 o al servicio de emergencias de tu \u00e1rea para que recibas asistencia y apoyo.<\/p><p><strong>12. Derecho de Admisi\u00f3n:<\/strong><\/p><p>Osheni Club se reserva el derecho de admisi\u00f3n y permanencia en sus instalaciones, servicios o eventos, con el fin de garantizar la seguridad, el bienestar y el cumplimiento de las normas establecidas. Nos reservamos el derecho de negar el acceso o retirar a cualquier persona que incumpla estas reglas, muestre comportamientos inapropiados o represente un riesgo para otros usuarios o para el personal.<\/p><p>\u00a0<\/p>\t\t\t\t\t\t\t\t<\/div>\n\t\t\t\t<\/div>\n\t\t\t\t<\/div>\n\t\t\t\t<\/div>\n\t\t\t\t<\/div>\n\t\t\t\t\t<\/div>\n\t\t\t\t<\/div>\n\t\t\t\t<\/div>","protected":false},"excerpt":{"rendered":"<p>Reglas para miembros de osheni club 1. Mantener Confidencialidad: Para garantizar la privacidad y respetar la intimidad de los miembros de Osheni Club, no se permite divulgar ni compartir las opiniones ni experiencias de los miembros del club. Se debe mantener confidencial todo lo que se diga y se haga en las sesiones diarias. Lo [&hellip;]<\/p>\n","protected":false},"author":1,"featured_media":0,"parent":0,"menu_order":0,"comment_status":"closed","ping_status":"closed","template":"elementor_header_footer","meta":{"_acf_changed":false,"footnotes":""},"class_list":["post-2632","page","type-page","status-publish","hentry"],"acf":[],"_links":{"self":[{"href":"https:\/\/osheni.com\/en\/wp-json\/wp\/v2\/pages\/2632","targetHints":{"allow":["GET"]}}],"collection":[{"href":"https:\/\/osheni.com\/en\/wp-json\/wp\/v2\/pages"}],"about":[{"href":"https:\/\/osheni.com\/en\/wp-json\/wp\/v2\/types\/page"}],"author":[{"embeddable":true,"href":"https:\/\/osheni.com\/en\/wp-json\/wp\/v2\/users\/1"}],"replies":[{"embeddable":true,"href":"https:\/\/osheni.com\/en\/wp-json\/wp\/v2\/comments?post=2632"}],"version-history":[{"count":17,"href":"https:\/\/osheni.com\/en\/wp-json\/wp\/v2\/pages\/2632\/revisions"}],"predecessor-version":[{"id":2976,"href":"https:\/\/osheni.com\/en\/wp-json\/wp\/v2\/pages\/2632\/revisions\/2976"}],"wp:attachment":[{"href":"https:\/\/osheni.com\/en\/wp-json\/wp\/v2\/media?parent=2632"}],"curies":[{"name":"wp","href":"https:\/\/api.w.org\/{rel}","templated":true}]}}